{"id":574,"date":"2020-04-06T10:22:59","date_gmt":"2020-04-06T13:22:59","guid":{"rendered":"https:\/\/elisabethvargas.com.br\/?page_id=574"},"modified":"2020-05-20T20:50:03","modified_gmt":"2020-05-20T23:50:03","slug":"projetos-sociais","status":"publish","type":"page","link":"https:\/\/elisabethvargas.com.br\/?page_id=574","title":{"rendered":"Projetos Sociais"},"content":{"rendered":"<h3>\u00a0<\/h3>\n<p><img loading=\"lazy\" decoding=\"async\" class=\"alignnone size-medium wp-image-558\" src=\"https:\/\/elisabethvargas.com.br\/wp-content\/uploads\/2020\/04\/proj1-300x227.png\" alt=\"\" width=\"300\" height=\"227\" srcset=\"https:\/\/elisabethvargas.com.br\/wp-content\/uploads\/2020\/04\/proj1-300x227.png 300w, https:\/\/elisabethvargas.com.br\/wp-content\/uploads\/2020\/04\/proj1.png 542w\" sizes=\"auto, (max-width: 300px) 100vw, 300px\" \/><img loading=\"lazy\" decoding=\"async\" class=\"alignnone  wp-image-561\" src=\"https:\/\/elisabethvargas.com.br\/wp-content\/uploads\/2020\/04\/proj2-300x170.png\" alt=\"\" width=\"399\" height=\"226\" srcset=\"https:\/\/elisabethvargas.com.br\/wp-content\/uploads\/2020\/04\/proj2-300x170.png 300w, https:\/\/elisabethvargas.com.br\/wp-content\/uploads\/2020\/04\/proj2-768x435.png 768w, https:\/\/elisabethvargas.com.br\/wp-content\/uploads\/2020\/04\/proj2.png 903w\" sizes=\"auto, (max-width: 399px) 100vw, 399px\" \/><\/p>\n<p><img loading=\"lazy\" decoding=\"async\" class=\"alignnone  wp-image-559\" src=\"https:\/\/elisabethvargas.com.br\/wp-content\/uploads\/2020\/04\/proj3-300x227.png\" alt=\"\" width=\"270\" height=\"204\" srcset=\"https:\/\/elisabethvargas.com.br\/wp-content\/uploads\/2020\/04\/proj3-300x227.png 300w, https:\/\/elisabethvargas.com.br\/wp-content\/uploads\/2020\/04\/proj3.png 541w\" sizes=\"auto, (max-width: 270px) 100vw, 270px\" \/><img loading=\"lazy\" decoding=\"async\" class=\"alignnone  wp-image-560\" src=\"https:\/\/elisabethvargas.com.br\/wp-content\/uploads\/2020\/04\/proj4-300x142.png\" alt=\"\" width=\"429\" height=\"203\" srcset=\"https:\/\/elisabethvargas.com.br\/wp-content\/uploads\/2020\/04\/proj4-300x142.png 300w, https:\/\/elisabethvargas.com.br\/wp-content\/uploads\/2020\/04\/proj4-768x363.png 768w, https:\/\/elisabethvargas.com.br\/wp-content\/uploads\/2020\/04\/proj4.png 903w\" sizes=\"auto, (max-width: 429px) 100vw, 429px\" \/><\/p>\n<p>\u00a0<\/p>\n<p><img loading=\"lazy\" decoding=\"async\" class=\"aligncenter wp-image-1096\" src=\"https:\/\/elisabethvargas.com.br\/wp-content\/uploads\/2020\/05\/img3.jpg\" alt=\"\" width=\"376\" height=\"499\" srcset=\"https:\/\/elisabethvargas.com.br\/wp-content\/uploads\/2020\/05\/img3.jpg 576w, https:\/\/elisabethvargas.com.br\/wp-content\/uploads\/2020\/05\/img3-226x300.jpg 226w\" sizes=\"auto, (max-width: 376px) 100vw, 376px\" \/><\/p>\n<p style=\"text-align: justify;\">As Rodas de Conversas surgiram da ideia de reunir pessoas para conversarem sobre um determinado tema.\u00a0 Tanto o p\u00fablico como o formato da reuni\u00e3o variam de acordo com o assunto a ser conversado.<\/p>\n<p style=\"text-align: justify;\">Entende-se que o conhecimento \u00e9 a base do desenvolvimento humano, assim a proposta \u00e9 compartilhar conhecimentos de forma presencial, para que todos possam desenvolver o seu pr\u00f3prio conhecimento sobre o assunto. Normalmente estes encontros s\u00e3o regados\u00a0 a um cafezinho.<\/p>\n<p>\u00a0<\/p>\n<p><img loading=\"lazy\" decoding=\"async\" class=\"alignnone wp-image-885 size-full\" src=\"https:\/\/elisabethvargas.com.br\/wp-content\/uploads\/2020\/05\/WhatsApp-Image-2020-05-05-at-12.50.26.jpeg\" alt=\"\" width=\"1036\" height=\"533\" srcset=\"https:\/\/elisabethvargas.com.br\/wp-content\/uploads\/2020\/05\/WhatsApp-Image-2020-05-05-at-12.50.26.jpeg 1036w, https:\/\/elisabethvargas.com.br\/wp-content\/uploads\/2020\/05\/WhatsApp-Image-2020-05-05-at-12.50.26-300x154.jpeg 300w, https:\/\/elisabethvargas.com.br\/wp-content\/uploads\/2020\/05\/WhatsApp-Image-2020-05-05-at-12.50.26-1024x527.jpeg 1024w, https:\/\/elisabethvargas.com.br\/wp-content\/uploads\/2020\/05\/WhatsApp-Image-2020-05-05-at-12.50.26-768x395.jpeg 768w\" sizes=\"auto, (max-width: 1036px) 100vw, 1036px\" \/><\/p>\n<p style=\"text-align: justify;\">Elisabeth Vargas participa de reuni\u00f5es realizadas pelo grupo <a href=\"http:\/\/www.mentesemacao.org\/\"><b>\u201cMentes em A\u00e7\u00e3o\u201d <\/b><\/a>que surgiu por meio do trabalho de conscientiza\u00e7\u00e3o realizado pelo Programa Entrela\u00e7os. Esse grupo re\u00fane, quizenalmente, familiares e portadores de transtornos mentais severos, para\u00a0 trocarem experi\u00eancias sobre a vida cotidiana, em especial, sobre os desafios enfrentados na conviv\u00eancia com as patologias afins.<\/p>\n<p style=\"text-align: justify;\">Entrela\u00e7os \u00e9 um Programa de Psicoeduca\u00e7\u00e3o do Setor de Fam\u00edlia do Instituto de Psiquiatria da UFRJ-IPUB, criado em 2011 com o objetivo de educar as fam\u00edlias que convivem com portadores de transtornos mentais severos, como esquizofrenia, transtorno esquizoafetivo e transtorno bipolar, para que possam lidar melhor com a doen\u00e7a mental, reduzindo o estresse e a sobrecarga familiar.<\/p>\n\n\n<p><\/p>\n","protected":false},"excerpt":{"rendered":"<p>\u00a0 \u00a0 As Rodas de Conversas surgiram da ideia de reunir pessoas para conversarem sobre um determinado tema.\u00a0 Tanto o [&hellip;]<\/p>\n","protected":false},"author":1,"featured_media":805,"parent":0,"menu_order":0,"comment_status":"closed","ping_status":"closed","template":"page-templates\/full-width.php","meta":{"footnotes":""},"class_list":["post-574","page","type-page","status-publish","has-post-thumbnail","hentry"],"_links":{"self":[{"href":"https:\/\/elisabethvargas.com.br\/index.php?rest_route=\/wp\/v2\/pages\/574","targetHints":{"allow":["GET"]}}],"collection":[{"href":"https:\/\/elisabethvargas.com.br\/index.php?rest_route=\/wp\/v2\/pages"}],"about":[{"href":"https:\/\/elisabethvargas.com.br\/index.php?rest_route=\/wp\/v2\/types\/page"}],"author":[{"embeddable":true,"href":"https:\/\/elisabethvargas.com.br\/index.php?rest_route=\/wp\/v2\/users\/1"}],"replies":[{"embeddable":true,"href":"https:\/\/elisabethvargas.com.br\/index.php?rest_route=%2Fwp%2Fv2%2Fcomments&post=574"}],"version-history":[{"count":10,"href":"https:\/\/elisabethvargas.com.br\/index.php?rest_route=\/wp\/v2\/pages\/574\/revisions"}],"predecessor-version":[{"id":1128,"href":"https:\/\/elisabethvargas.com.br\/index.php?rest_route=\/wp\/v2\/pages\/574\/revisions\/1128"}],"wp:featuredmedia":[{"embeddable":true,"href":"https:\/\/elisabethvargas.com.br\/index.php?rest_route=\/wp\/v2\/media\/805"}],"wp:attachment":[{"href":"https:\/\/elisabethvargas.com.br\/index.php?rest_route=%2Fwp%2Fv2%2Fmedia&parent=574"}],"curies":[{"name":"wp","href":"https:\/\/api.w.org\/{rel}","templated":true}]}}